{"id":4243,"date":"2021-12-30T08:26:13","date_gmt":"2021-12-29T23:26:13","guid":{"rendered":"http:\/\/hbv1001vjsu4.previewdomain.jp\/jpn\/blog\/wp\/mot-hanh-trinh-moi-bang-xe-buyt-toc-hanh-cong-viec-cach-song\/"},"modified":"2025-10-30T19:33:35","modified_gmt":"2025-10-30T10:33:35","slug":"mot-hanh-trinh-moi-bang-xe-buyt-toc-hanh-cong-viec-cach-song","status":"publish","type":"page","link":"https:\/\/corritrip.jp\/jpn\/blog\/vi\/","title":{"rendered":"M\u1ed9t h\u00e0nh tr\u00ecnh m\u1edbi b\u1eb1ng xe bu\u00fdt t\u1ed1c h\u00e0nh! c\u00f4ng vi\u1ec7c! C\u00e1ch s\u1ed1ng!"},"content":{"rendered":"\n<figure class=\"wp-block-gallery has-nested-images columns-default is-cropped wp-block-gallery-1 is-layout-flex wp-block-gallery-is-layout-flex\">\n<figure class=\"wp-block-image size-large\"><img decoding=\"async\" data-id=\"15407\" src=\"https:\/\/corritrip.jp\/jpn\/blog\/wp\/wp-content\/uploads\/2025\/10\/IMG_0060-1024x768.jpg\" alt=\"\" class=\"wp-image-15407\"\/><\/figure>\n\n\n\n<figure class=\"wp-block-image size-large\"><img loading=\"lazy\" decoding=\"async\" width=\"1024\" height=\"768\" data-id=\"15423\" src=\"https:\/\/corritrip.jp\/jpn\/blog\/wp\/wp-content\/uploads\/2025\/10\/IMG20230803095318-1024x768.jpg\" alt=\"\" class=\"wp-image-15423\" srcset=\"https:\/\/corritrip.jp\/jpn\/blog\/wp\/wp-content\/uploads\/2025\/10\/IMG20230803095318-1024x768.jpg 1024w, https:\/\/corritrip.jp\/jpn\/blog\/wp\/wp-content\/uploads\/2025\/10\/IMG20230803095318-300x225.jpg 300w, https:\/\/corritrip.jp\/jpn\/blog\/wp\/wp-content\/uploads\/2025\/10\/IMG20230803095318-768x576.jpg 768w, https:\/\/corritrip.jp\/jpn\/blog\/wp\/wp-content\/uploads\/2025\/10\/IMG20230803095318-1536x1152.jpg 1536w, https:\/\/corritrip.jp\/jpn\/blog\/wp\/wp-content\/uploads\/2025\/10\/IMG20230803095318-2048x1536.jpg 2048w, https:\/\/corritrip.jp\/jpn\/blog\/wp\/wp-content\/uploads\/2025\/10\/IMG20230803095318-285x214.jpg 285w, https:\/\/corritrip.jp\/jpn\/blog\/wp\/wp-content\/uploads\/2025\/10\/IMG20230803095318-282x212.jpg 282w\" sizes=\"auto, (max-width: 1024px) 100vw, 1024px\" \/><\/figure>\n\n\n\n<figure class=\"wp-block-image size-large\"><img decoding=\"async\" data-id=\"15431\" src=\"https:\/\/corritrip.jp\/jpn\/blog\/wp\/wp-content\/uploads\/2025\/10\/IMG20231122105751-1152x1536-1-768x1024.jpg\" alt=\"\" class=\"wp-image-15431\"\/><\/figure>\n\n\n\n<figure class=\"wp-block-image size-full\"><img decoding=\"async\" data-id=\"15415\" src=\"https:\/\/corritrip.jp\/jpn\/blog\/wp\/wp-content\/uploads\/2025\/10\/IMG20230119141016-282x212-1.jpg\" alt=\"\" class=\"wp-image-15415\"\/><\/figure>\n\n\n\n<figure class=\"wp-block-image size-full\"><img decoding=\"async\" data-id=\"15391\" src=\"https:\/\/corritrip.jp\/jpn\/blog\/wp\/wp-content\/uploads\/2025\/10\/image-6-282x145-1.png\" alt=\"\" class=\"wp-image-15391\"\/><\/figure>\n\n\n\n<figure class=\"wp-block-image size-full\"><img decoding=\"async\" data-id=\"15383\" src=\"https:\/\/corritrip.jp\/jpn\/blog\/wp\/wp-content\/uploads\/2025\/10\/DSC02628-scaled.jpg\" alt=\"\" class=\"wp-image-15383\"\/><\/figure>\n<\/figure>\n\n\n\n<p>S\u1ef1 ph\u00e1t tri\u1ec3n c\u1ee7a xe bu\u00fdt t\u1ed1c h\u00e0nh l\u00e0 \u0111\u00e1ng ch\u00fa \u00fd.<br>s\u1ef1 an to\u00e0n! Ti\u1ec7n nghi! S\u1ef1 ti\u1ec7n l\u1ee3i! \u0111ang d\u1ea7n \u0111\u01b0\u1ee3c c\u1ea3i thi\u1ec7n.<br>N\u1ebfu n\u1eafm v\u1eefng n\u00f3, b\u1ea1n kh\u00f4ng ch\u1ec9 c\u00f3 phong c\u00e1ch du l\u1ecbch m\u1edbi m\u00e0 c\u00f2n c\u00f3 c\u00e1ch l\u00e0m vi\u1ec7c m\u1edbi! Phong c\u00e1ch s\u1ed1ng m\u1edbi! B\u1ea1n c\u00f3 th\u1ec3 kh\u00e1m ph\u00e1.<br>Trong blog n\u00e0y, ch\u00fang t\u00f4i s\u1ebd c\u1ed1 g\u1eafng cung c\u1ea5p th\u00f4ng tin m\u00e0 ch\u00fang t\u00f4i \u0111\u00e3 tr\u1ea3i nghi\u1ec7m v\u00e0 c\u1ea3m nh\u1eadn \u0111\u01b0\u1ee3c \u0111\u1ec3 gi\u00fap m\u1ecdi ng\u01b0\u1eddi kh\u00e1m ph\u00e1 nh\u1eefng c\u00e1ch m\u1edbi \u0111\u1ec3 s\u1eed d\u1ee5ng xe bu\u00fdt t\u1ed1c h\u00e0nh v\u00e0 c\u00e1ch s\u1eed d\u1ee5ng ch\u00fang.<\/p>\n\n\n\n<hr class=\"wp-block-separator has-css-opacity\"\/>\n\n\n\n<div class=\"wp-block-media-text alignwide has-media-on-the-right is-stacked-on-mobile\" style=\"grid-template-columns:auto 38%\"><div class=\"wp-block-media-text__content\">\n<p><mark style=\"background-color:rgba(0, 0, 0, 0)\" class=\"has-inline-color has-luminous-vivid-orange-color\">\u0110\u1ec3 t\u00ecm ki\u1ebfm tuy\u1ebfn xe bu\u00fdt \u0111\u01b0\u1eddng cao t\u1ed1c, t\u00ecm ki\u1ebfm th\u1eddi gian v\u00e0 \u0111\u1eb7t ch\u1ed7 tr\u1ef1c tuy\u1ebfn, h\u00e3y truy c\u1eadp<\/mark><strong><a rel=\"noreferrer noopener\" href=\"https:\/\/www.highwaybus.com\/\" target=\"_blank\">HighwayBus.com<\/a><\/strong><\/p>\n<\/div><figure class=\"wp-block-media-text__media\"><a href=\"https:\/\/www.highwaybus.com\/\" target=\"_blank\" rel=\"noreferrer noopener\"><img decoding=\"async\" src=\"https:\/\/corritrip.jp\/jpn\/blog\/wp\/wp-content\/uploads\/2025\/10\/image-1536x867-1-1024x578.png\" alt=\"\" class=\"wp-image-15399 size-full\"\/><\/a><\/figure><\/div>\n\n\n\n<hr class=\"wp-block-separator has-css-opacity\"\/>\n\n\n\n<p>==PR==<\/p>\n\n\n\n<div style=\"padding: 0 1em; margin: 2em 0; border: solid 3px #06c755; border-radius: 10px;\">\n<h4 style=\"text-align: center;\">T\u00e0i kho\u1ea3n ch\u00ednh th\u1ee9c c\u1ee7a Keio Bus LINE \u0111\u00e3 \u0111\u01b0\u1ee3c m\u1edf! !<\/h4>\n<p style=\"text-align: center;\"><a href=\"https:\/\/lin.ee\/pZhBeTk\" target=\"_blank\" class=\"hover-fade\" onclick=\"gtag('event', 'click', {'event_category': 'keiobus-line-campaign','event_label': '\u4eac\u738b\u30d0\u30b9LINE\u516c\u5f0f\u30a2\u30ab\u30a6\u30f3\u30c8'});\" rel=\"noopener\"><img decoding=\"async\" src=\"https:\/\/scdn.line-apps.com\/n\/line_add_friends\/btn\/ja.png\" alt=\"Th\u00eam ba\u0323n\" height=\"36\" border=\"0\"\/><\/a><\/p>\n<\/div>\n<!--div style=\"padding: 0 1em; margin: 2em 0; border: solid 3px #06c755; border-radius: 10px;\">\n<h4 style=\"text-align: center;\">\u4eac\u738b\u30d0\u30b9 LINE\u516c\u5f0f\u30a2\u30ab\u30a6\u30f3\u30c8\u958b\u8a2d\uff01<br>\u6625\u306e\u308f\u304f\u308f\u304f\u30ad\u30e3\u30f3\u30da\u30fc\u30f3<\/h4>\n<p style=\"text-align: center;\">\u4eac\u738b\u30d0\u30b9\u3068LINE\u306e\u304a\u53cb\u305f\u3099\u3061\u306b\u306a\u3063\u3066\u30ad\u30e3\u30f3\u30da\u30fc\u30f3\u306b\u5fdc\u52df\u3044\u305f\u3060\u304d\u307e\u3059\u3068\u3001<br>\u62bd\u9078\u3067\u8a08300\u540d\u69d8\u306b\u9078\u3079\u308b\u30c7\u30b8\u30bf\u30eb\u30ae\u30d5\u30c8\u300cgiftee Box 500\u5186\u5206\u300d\u304c\u5f53\u305f\u308a\u307e\u3059\u3002<br>\n<a href=\"https:\/\/corritrip.jp\/jpn\/line\/keiobus\/\" target=\"_blank\" rel=\"noopener\">\u30ad\u30e3\u30f3\u30da\u30fc\u30f3\u306e\u8a73\u7d30\u306f\u3053\u3061\u3089<\/a><\/p>\n<p style=\"text-align: center;\"><a href=\"https:\/\/lin.ee\/pZhBeTk\" target=\"_blank\" class=\"hover-fade\" onclick=\"gtag('event', 'click', {'event_category': 'keiobus-line-campaign','event_label': '\u4eac\u738b\u30d0\u30b9LINE\u516c\u5f0f\u30a2\u30ab\u30a6\u30f3\u30c8'});\" rel=\"noopener\"><img decoding=\"async\" src=\"https:\/\/scdn.line-apps.com\/n\/line_add_friends\/btn\/ja.png\" alt=\"\u53cb\u3060\u3061\u8ffd\u52a0\" height=\"36\" border=\"0\"><\/a><\/p>\n<\/div-->\n","protected":false},"excerpt":{"rendered":"<p>S\u1ef1 ph\u00e1t tri\u1ec3n c\u1ee7a xe bu\u00fdt t\u1ed1c h\u00e0nh l\u00e0 \u0111\u00e1ng ch\u00fa \u00fd.s\u1ef1 an to\u00e0n! Ti\u1ec7n nghi! S\u1ef1 ti\u1ec7n l\u1ee3i! \u0111ang d\u1ea7n \u0111\u01b0\u1ee3c c\u1ea3i thi\u1ec7n.N\u1ebfu n\u1eafm v\u1eefng n\u00f3, b\u1ea1n kh\u00f4ng ch\u1ec9 c\u00f3 phong c\u00e1ch du l\u1ecbch m\u1edbi m\u00e0 c\u00f2n c\u00f3 c\u00e1ch l\u00e0m vi\u1ec7c m\u1edbi! Phong c\u00e1ch s\u1ed1ng m\u1edbi! B\u1ea1n c\u00f3 th\u1ec3 kh\u00e1m ph\u00e1.Trong blog n\u00e0y, ch\u00fang [&hellip;]<\/p>\n","protected":false},"author":1,"featured_media":0,"parent":0,"menu_order":0,"comment_status":"closed","ping_status":"closed","template":"","meta":{"footnotes":""},"class_list":["post-4243","page","type-page","status-publish","hentry"],"_links":{"self":[{"href":"https:\/\/corritrip.jp\/jpn\/blog\/vi\/wp-json\/wp\/v2\/pages\/4243","targetHints":{"allow":["GET"]}}],"collection":[{"href":"https:\/\/corritrip.jp\/jpn\/blog\/vi\/wp-json\/wp\/v2\/pages"}],"about":[{"href":"https:\/\/corritrip.jp\/jpn\/blog\/vi\/wp-json\/wp\/v2\/types\/page"}],"author":[{"embeddable":true,"href":"https:\/\/corritrip.jp\/jpn\/blog\/vi\/wp-json\/wp\/v2\/users\/1"}],"replies":[{"embeddable":true,"href":"https:\/\/corritrip.jp\/jpn\/blog\/vi\/wp-json\/wp\/v2\/comments?post=4243"}],"version-history":[{"count":3,"href":"https:\/\/corritrip.jp\/jpn\/blog\/vi\/wp-json\/wp\/v2\/pages\/4243\/revisions"}],"predecessor-version":[{"id":15441,"href":"https:\/\/corritrip.jp\/jpn\/blog\/vi\/wp-json\/wp\/v2\/pages\/4243\/revisions\/15441"}],"wp:attachment":[{"href":"https:\/\/corritrip.jp\/jpn\/blog\/vi\/wp-json\/wp\/v2\/media?parent=4243"}],"curies":[{"name":"wp","href":"https:\/\/api.w.org\/{rel}","templated":true}]}}